{"id":10,"date":"2021-10-20T09:30:02","date_gmt":"2021-10-20T12:30:02","guid":{"rendered":"https:\/\/alumicenteramericana.com.br\/site\/?page_id=10"},"modified":"2023-11-03T13:11:10","modified_gmt":"2023-11-03T16:11:10","slug":"contato","status":"publish","type":"page","link":"https:\/\/alumicenteramericana.com.br\/site\/","title":{"rendered":"Contato"},"content":{"rendered":"\t\t<div data-elementor-type=\"wp-page\" data-elementor-id=\"10\" class=\"elementor elementor-10\">\n\t\t\t\t\t\t\t\t\t<section class=\"elementor-section elementor-top-section elementor-element elementor-element-1e1f0ad elementor-section-boxed elementor-section-height-default elementor-section-height-default\" data-id=\"1e1f0ad\" data-element_type=\"section\" data-settings=\"{&quot;background_background&quot;:&quot;classic&quot;}\">\n\t\t\t\t\t\t<div class=\"elementor-container elementor-column-gap-default\">\n\t\t\t\t\t<div class=\"elementor-column elementor-col-50 elementor-top-column elementor-element elementor-element-874d94b\" data-id=\"874d94b\" data-element_type=\"column\" data-settings=\"{&quot;background_background&quot;:&quot;classic&quot;}\">\n\t\t\t<div class=\"elementor-widget-wrap elementor-element-populated\">\n\t\t\t\t\t\t\t\t<div class=\"elementor-element elementor-element-32efbf5 elementor-widget elementor-widget-image\" data-id=\"32efbf5\" data-element_type=\"widget\" data-widget_type=\"image.default\">\n\t\t\t\t<div class=\"elementor-widget-container\">\n\t\t\t<style>\/*! elementor - v3.13.3 - 22-05-2023 *\/\n.elementor-widget-image{text-align:center}.elementor-widget-image a{display:inline-block}.elementor-widget-image a img[src$=\".svg\"]{width:48px}.elementor-widget-image img{vertical-align:middle;display:inline-block}<\/style>\t\t\t\t\t\t\t\t\t\t\t\t<img loading=\"lazy\" decoding=\"async\" width=\"800\" height=\"190\" src=\"https:\/\/alumicenteramericana.com.br\/site\/wp-content\/uploads\/2023\/01\/Logo-Alumicenter.svg\" class=\"attachment-large size-large wp-image-25\" alt=\"\" \/>\t\t\t\t\t\t\t\t\t\t\t\t\t\t\t<\/div>\n\t\t\t\t<\/div>\n\t\t\t\t<div class=\"elementor-element elementor-element-34c903c elementor-widget elementor-widget-heading\" data-id=\"34c903c\" data-element_type=\"widget\" data-widget_type=\"heading.default\">\n\t\t\t\t<div class=\"elementor-widget-container\">\n\t\t\t<style>\/*! elementor - v3.13.3 - 22-05-2023 *\/\n.elementor-heading-title{padding:0;margin:0;line-height:1}.elementor-widget-heading .elementor-heading-title[class*=elementor-size-]>a{color:inherit;font-size:inherit;line-height:inherit}.elementor-widget-heading .elementor-heading-title.elementor-size-small{font-size:15px}.elementor-widget-heading .elementor-heading-title.elementor-size-medium{font-size:19px}.elementor-widget-heading .elementor-heading-title.elementor-size-large{font-size:29px}.elementor-widget-heading .elementor-heading-title.elementor-size-xl{font-size:39px}.elementor-widget-heading .elementor-heading-title.elementor-size-xxl{font-size:59px}<\/style><h2 class=\"elementor-heading-title elementor-size-default\">(19) 3468-5412 \u2022 (19) 3468-6751<br>\n<br>\nRua Jo\u00e3o Santa Rosa, 640 | Sal\u00e3o 6A <br>\nS\u00e3o Luiz | Americana\/SP | 13477-590<br>\n<br>\nalumicenter1559@hotmail.com<\/h2>\t\t<\/div>\n\t\t\t\t<\/div>\n\t\t\t\t<div class=\"elementor-element elementor-element-9c25e0a elementor-widget elementor-widget-google_maps\" data-id=\"9c25e0a\" data-element_type=\"widget\" data-widget_type=\"google_maps.default\">\n\t\t\t\t<div class=\"elementor-widget-container\">\n\t\t\t<style>\/*! elementor - v3.13.3 - 22-05-2023 *\/\n.elementor-widget-google_maps .elementor-widget-container{overflow:hidden}.elementor-widget-google_maps .elementor-custom-embed{line-height:0}.elementor-widget-google_maps iframe{height:300px}<\/style>\t\t<div class=\"elementor-custom-embed\">\n\t\t\t<iframe loading=\"lazy\"\n\t\t\t\t\tsrc=\"https:\/\/maps.google.com\/maps?q=Alumicenter&#038;t=m&#038;z=14&#038;output=embed&#038;iwloc=near\"\n\t\t\t\t\ttitle=\"Alumicenter\"\n\t\t\t\t\taria-label=\"Alumicenter\"\n\t\t\t><\/iframe>\n\t\t<\/div>\n\t\t\t\t<\/div>\n\t\t\t\t<\/div>\n\t\t\t\t\t<\/div>\n\t\t<\/div>\n\t\t\t\t<div class=\"elementor-column elementor-col-50 elementor-top-column elementor-element elementor-element-7002c5d\" data-id=\"7002c5d\" data-element_type=\"column\" data-settings=\"{&quot;background_background&quot;:&quot;classic&quot;}\">\n\t\t\t<div class=\"elementor-widget-wrap elementor-element-populated\">\n\t\t\t\t\t\t\t\t<div class=\"elementor-element elementor-element-0c2926d elementor-widget elementor-widget-shortcode\" data-id=\"0c2926d\" data-element_type=\"widget\" data-widget_type=\"shortcode.default\">\n\t\t\t\t<div class=\"elementor-widget-container\">\n\t\t\t\t\t<div class=\"elementor-shortcode\"><div class=\"wpforms-container wpforms-container-full\" id=\"wpforms-34\"><form id=\"wpforms-form-34\" class=\"wpforms-validate wpforms-form wpforms-ajax-form\" data-formid=\"34\" method=\"post\" enctype=\"multipart\/form-data\" action=\"\/site\/wp-json\/wp\/v2\/pages\/10\" data-token=\"316600b3e08c5ed004ae7c3ae592339c\" data-token-time=\"1778516800\"><noscript class=\"wpforms-error-noscript\">Ative o JavaScript no seu navegador para preencher este formul\u00e1rio.<\/noscript><div class=\"wpforms-field-container\"><div id=\"wpforms-34-field_0-container\" class=\"wpforms-field wpforms-field-name\" data-field-id=\"0\"><label class=\"wpforms-field-label\" for=\"wpforms-34-field_0\">Nome: <span class=\"wpforms-required-label\">*<\/span><\/label><div class=\"wpforms-field-row wpforms-field-large\"><div class=\"wpforms-field-row-block wpforms-first wpforms-one-half\"><input type=\"text\" id=\"wpforms-34-field_0\" class=\"wpforms-field-name-first wpforms-field-required\" name=\"wpforms[fields][0][first]\" placeholder=\"Seu nome\" required><label for=\"wpforms-34-field_0\" class=\"wpforms-field-sublabel after wpforms-sublabel-hide\">Nome<\/label><\/div><div class=\"wpforms-field-row-block wpforms-one-half\"><input type=\"text\" id=\"wpforms-34-field_0-last\" class=\"wpforms-field-name-last wpforms-field-required\" name=\"wpforms[fields][0][last]\" placeholder=\"Seu sobrenome\" required><label for=\"wpforms-34-field_0-last\" class=\"wpforms-field-sublabel after wpforms-sublabel-hide\">Sobrenome<\/label><\/div><\/div><\/div><div id=\"wpforms-34-field_1-container\" class=\"wpforms-field wpforms-field-email\" data-field-id=\"1\"><label class=\"wpforms-field-label\" for=\"wpforms-34-field_1\">E-mail: <span class=\"wpforms-required-label\">*<\/span><\/label><input type=\"email\" id=\"wpforms-34-field_1\" class=\"wpforms-field-large wpforms-field-required\" name=\"wpforms[fields][1]\" placeholder=\"Seu e-mail\" spellcheck=\"false\" required><\/div><div id=\"wpforms-34-field_5-container\" class=\"wpforms-field wpforms-field-text\" data-field-id=\"5\"><label class=\"wpforms-field-label\" for=\"wpforms-34-field_5\">Telefone: <span class=\"wpforms-required-label\">*<\/span><\/label><input type=\"text\" id=\"wpforms-34-field_5\" class=\"wpforms-field-large wpforms-field-required\" name=\"wpforms[fields][5]\" placeholder=\"Seu telefone\" required><\/div><div id=\"wpforms-34-field_4-container\" class=\"wpforms-field wpforms-field-text\" data-field-id=\"4\"><label class=\"wpforms-field-label\" for=\"wpforms-34-field_4\">Endere\u00e7o:<\/label><input type=\"text\" id=\"wpforms-34-field_4\" class=\"wpforms-field-large\" name=\"wpforms[fields][4]\" placeholder=\"Seu endere\u00e7o\" ><\/div><div id=\"wpforms-34-field_3-container\" class=\"wpforms-field wpforms-field-text\" data-field-id=\"3\"><label class=\"wpforms-field-label\" for=\"wpforms-34-field_3\">Cidade: <span class=\"wpforms-required-label\">*<\/span><\/label><input type=\"text\" id=\"wpforms-34-field_3\" class=\"wpforms-field-large wpforms-field-required\" name=\"wpforms[fields][3]\" placeholder=\"Sua cidade\" required><\/div><div id=\"wpforms-34-field_2-container\" class=\"wpforms-field wpforms-field-textarea\" data-field-id=\"2\"><label class=\"wpforms-field-label\" for=\"wpforms-34-field_2\">Mensagem: <span class=\"wpforms-required-label\">*<\/span><\/label><textarea id=\"wpforms-34-field_2\" class=\"wpforms-field-medium wpforms-field-required\" name=\"wpforms[fields][2]\" placeholder=\"Digite sua mensagem\" required><\/textarea><\/div><\/div><!-- .wpforms-field-container --><div class=\"wpforms-recaptcha-container wpforms-is-recaptcha wpforms-is-recaptcha-type-v3\" ><input type=\"hidden\" name=\"wpforms[recaptcha]\" value=\"\"><\/div><div class=\"wpforms-submit-container\" ><input type=\"hidden\" name=\"wpforms[id]\" value=\"34\"><input type=\"hidden\" name=\"page_title\" value=\"\"><input type=\"hidden\" name=\"page_url\" value=\"https:\/\/alumicenteramericana.com.br\/site\/wp-json\/wp\/v2\/pages\/10\"><input type=\"hidden\" name=\"url_referer\" value=\"\"><button type=\"submit\" name=\"wpforms[submit]\" id=\"wpforms-submit-34\" class=\"wpforms-submit\" data-alt-text=\"Enviando...\" data-submit-text=\"Enviar\" aria-live=\"assertive\" value=\"wpforms-submit\">Enviar<\/button><img loading=\"lazy\" decoding=\"async\" src=\"https:\/\/alumicenteramericana.com.br\/site\/wp-content\/plugins\/wpforms-lite\/assets\/images\/submit-spin.svg\" class=\"wpforms-submit-spinner\" style=\"display: none;\" width=\"26\" height=\"26\" alt=\"Carregando\"><\/div><\/form><\/div>  <!-- .wpforms-container --><\/div>\n\t\t\t\t<\/div>\n\t\t\t\t<\/div>\n\t\t\t\t\t<\/div>\n\t\t<\/div>\n\t\t\t\t\t\t\t<\/div>\n\t\t<\/section>\n\t\t\t\t\t\t\t<\/div>\n\t\t","protected":false},"excerpt":{"rendered":"<p>(19) 3468-5412 \u2022 (19) 3468-6751 Rua Jo\u00e3o Santa Rosa, 640 | Sal\u00e3o 6A S\u00e3o Luiz | Americana\/SP | 13477-590 alumicenter1559@hotmail.com<\/p>\n","protected":false},"author":1,"featured_media":0,"parent":0,"menu_order":0,"comment_status":"closed","ping_status":"closed","template":"elementor_canvas","meta":{"inline_featured_image":false,"footnotes":""},"class_list":["post-10","page","type-page","status-publish","hentry"],"yoast_head":"<!-- This site is optimized with the Yoast SEO plugin v27.5 - https:\/\/yoast.com\/product\/yoast-seo-wordpress\/ -->\n<title>Alumicenter | Localizada em Americana<\/title>\n<meta name=\"description\" content=\"Localizada em Americana na Rua Jo\u00e3o Santa Rosa, 640 | Sal\u00e3o 6A | S\u00e3o Luiz | (19) 3468-5412 | (19) 3468-6751\" \/>\n<meta name=\"robots\" content=\"index, follow, max-snippet:-1, max-image-preview:large, max-video-preview:-1\" \/>\n<link rel=\"canonical\" href=\"https:\/\/alumicenteramericana.com.br\/site\/\" \/>\n<meta property=\"og:locale\" content=\"pt_BR\" \/>\n<meta property=\"og:type\" content=\"article\" \/>\n<meta property=\"og:title\" content=\"Alumicenter | Localizada em Americana\" \/>\n<meta property=\"og:description\" content=\"Localizada em Americana na Rua Jo\u00e3o Santa Rosa, 640 | Sal\u00e3o 6A | S\u00e3o Luiz | (19) 3468-5412 | (19) 3468-6751\" \/>\n<meta property=\"og:url\" content=\"https:\/\/alumicenteramericana.com.br\/site\/\" \/>\n<meta property=\"og:site_name\" content=\"Alumicenter\" \/>\n<meta property=\"article:modified_time\" content=\"2023-11-03T16:11:10+00:00\" \/>\n<meta property=\"og:image\" content=\"https:\/\/alumicenteramericana.com.br\/site\/wp-content\/uploads\/2023\/01\/Logo-Alumicenter.svg\" \/>\n<meta name=\"twitter:card\" content=\"summary_large_image\" \/>\n<meta name=\"twitter:label1\" content=\"Est. tempo de leitura\" \/>\n\t<meta name=\"twitter:data1\" content=\"1 minuto\" \/>\n<script type=\"application\/ld+json\" class=\"yoast-schema-graph\">{\"@context\":\"https:\\\/\\\/schema.org\",\"@graph\":[{\"@type\":\"WebPage\",\"@id\":\"https:\\\/\\\/alumicenteramericana.com.br\\\/site\\\/\",\"url\":\"https:\\\/\\\/alumicenteramericana.com.br\\\/site\\\/\",\"name\":\"Alumicenter | Localizada em Americana\",\"isPartOf\":{\"@id\":\"https:\\\/\\\/alumicenteramericana.com.br\\\/site\\\/#website\"},\"primaryImageOfPage\":{\"@id\":\"https:\\\/\\\/alumicenteramericana.com.br\\\/site\\\/#primaryimage\"},\"image\":{\"@id\":\"https:\\\/\\\/alumicenteramericana.com.br\\\/site\\\/#primaryimage\"},\"thumbnailUrl\":\"https:\\\/\\\/alumicenteramericana.com.br\\\/site\\\/wp-content\\\/uploads\\\/2023\\\/01\\\/Logo-Alumicenter.svg\",\"datePublished\":\"2021-10-20T12:30:02+00:00\",\"dateModified\":\"2023-11-03T16:11:10+00:00\",\"description\":\"Localizada em Americana na Rua Jo\u00e3o Santa Rosa, 640 | Sal\u00e3o 6A | S\u00e3o Luiz | (19) 3468-5412 | (19) 3468-6751\",\"breadcrumb\":{\"@id\":\"https:\\\/\\\/alumicenteramericana.com.br\\\/site\\\/#breadcrumb\"},\"inLanguage\":\"pt-BR\",\"potentialAction\":[{\"@type\":\"ReadAction\",\"target\":[\"https:\\\/\\\/alumicenteramericana.com.br\\\/site\\\/\"]}]},{\"@type\":\"ImageObject\",\"inLanguage\":\"pt-BR\",\"@id\":\"https:\\\/\\\/alumicenteramericana.com.br\\\/site\\\/#primaryimage\",\"url\":\"https:\\\/\\\/alumicenteramericana.com.br\\\/site\\\/wp-content\\\/uploads\\\/2023\\\/01\\\/Logo-Alumicenter.svg\",\"contentUrl\":\"https:\\\/\\\/alumicenteramericana.com.br\\\/site\\\/wp-content\\\/uploads\\\/2023\\\/01\\\/Logo-Alumicenter.svg\",\"width\":282,\"height\":67},{\"@type\":\"BreadcrumbList\",\"@id\":\"https:\\\/\\\/alumicenteramericana.com.br\\\/site\\\/#breadcrumb\",\"itemListElement\":[{\"@type\":\"ListItem\",\"position\":1,\"name\":\"In\u00edcio\",\"item\":\"https:\\\/\\\/alumicenteramericana.com.br\\\/site\\\/\"},{\"@type\":\"ListItem\",\"position\":2,\"name\":\"Contato\"}]},{\"@type\":\"WebSite\",\"@id\":\"https:\\\/\\\/alumicenteramericana.com.br\\\/site\\\/#website\",\"url\":\"https:\\\/\\\/alumicenteramericana.com.br\\\/site\\\/\",\"name\":\"Alumicenter\",\"description\":\"Esquadrias de Alum\u00ednio\",\"publisher\":{\"@id\":\"https:\\\/\\\/alumicenteramericana.com.br\\\/site\\\/#organization\"},\"potentialAction\":[{\"@type\":\"SearchAction\",\"target\":{\"@type\":\"EntryPoint\",\"urlTemplate\":\"https:\\\/\\\/alumicenteramericana.com.br\\\/site\\\/?s={search_term_string}\"},\"query-input\":{\"@type\":\"PropertyValueSpecification\",\"valueRequired\":true,\"valueName\":\"search_term_string\"}}],\"inLanguage\":\"pt-BR\"},{\"@type\":\"Organization\",\"@id\":\"https:\\\/\\\/alumicenteramericana.com.br\\\/site\\\/#organization\",\"name\":\"Alumicenter\",\"url\":\"https:\\\/\\\/alumicenteramericana.com.br\\\/site\\\/\",\"logo\":{\"@type\":\"ImageObject\",\"inLanguage\":\"pt-BR\",\"@id\":\"https:\\\/\\\/alumicenteramericana.com.br\\\/site\\\/#\\\/schema\\\/logo\\\/image\\\/\",\"url\":\"https:\\\/\\\/alumicenteramericana.com.br\\\/site\\\/wp-content\\\/uploads\\\/2023\\\/01\\\/Logo-Alumicenter.svg\",\"contentUrl\":\"https:\\\/\\\/alumicenteramericana.com.br\\\/site\\\/wp-content\\\/uploads\\\/2023\\\/01\\\/Logo-Alumicenter.svg\",\"width\":282,\"height\":67,\"caption\":\"Alumicenter\"},\"image\":{\"@id\":\"https:\\\/\\\/alumicenteramericana.com.br\\\/site\\\/#\\\/schema\\\/logo\\\/image\\\/\"}}]}<\/script>\n<!-- \/ Yoast SEO plugin. -->","yoast_head_json":{"title":"Alumicenter | Localizada em Americana","description":"Localizada em Americana na Rua Jo\u00e3o Santa Rosa, 640 | Sal\u00e3o 6A | S\u00e3o Luiz | (19) 3468-5412 | (19) 3468-6751","robots":{"index":"index","follow":"follow","max-snippet":"max-snippet:-1","max-image-preview":"max-image-preview:large","max-video-preview":"max-video-preview:-1"},"canonical":"https:\/\/alumicenteramericana.com.br\/site\/","og_locale":"pt_BR","og_type":"article","og_title":"Alumicenter | Localizada em Americana","og_description":"Localizada em Americana na Rua Jo\u00e3o Santa Rosa, 640 | Sal\u00e3o 6A | S\u00e3o Luiz | (19) 3468-5412 | (19) 3468-6751","og_url":"https:\/\/alumicenteramericana.com.br\/site\/","og_site_name":"Alumicenter","article_modified_time":"2023-11-03T16:11:10+00:00","og_image":[{"url":"https:\/\/alumicenteramericana.com.br\/site\/wp-content\/uploads\/2023\/01\/Logo-Alumicenter.svg","type":"","width":"","height":""}],"twitter_card":"summary_large_image","twitter_misc":{"Est. tempo de leitura":"1 minuto"},"schema":{"@context":"https:\/\/schema.org","@graph":[{"@type":"WebPage","@id":"https:\/\/alumicenteramericana.com.br\/site\/","url":"https:\/\/alumicenteramericana.com.br\/site\/","name":"Alumicenter | Localizada em Americana","isPartOf":{"@id":"https:\/\/alumicenteramericana.com.br\/site\/#website"},"primaryImageOfPage":{"@id":"https:\/\/alumicenteramericana.com.br\/site\/#primaryimage"},"image":{"@id":"https:\/\/alumicenteramericana.com.br\/site\/#primaryimage"},"thumbnailUrl":"https:\/\/alumicenteramericana.com.br\/site\/wp-content\/uploads\/2023\/01\/Logo-Alumicenter.svg","datePublished":"2021-10-20T12:30:02+00:00","dateModified":"2023-11-03T16:11:10+00:00","description":"Localizada em Americana na Rua Jo\u00e3o Santa Rosa, 640 | Sal\u00e3o 6A | S\u00e3o Luiz | (19) 3468-5412 | (19) 3468-6751","breadcrumb":{"@id":"https:\/\/alumicenteramericana.com.br\/site\/#breadcrumb"},"inLanguage":"pt-BR","potentialAction":[{"@type":"ReadAction","target":["https:\/\/alumicenteramericana.com.br\/site\/"]}]},{"@type":"ImageObject","inLanguage":"pt-BR","@id":"https:\/\/alumicenteramericana.com.br\/site\/#primaryimage","url":"https:\/\/alumicenteramericana.com.br\/site\/wp-content\/uploads\/2023\/01\/Logo-Alumicenter.svg","contentUrl":"https:\/\/alumicenteramericana.com.br\/site\/wp-content\/uploads\/2023\/01\/Logo-Alumicenter.svg","width":282,"height":67},{"@type":"BreadcrumbList","@id":"https:\/\/alumicenteramericana.com.br\/site\/#breadcrumb","itemListElement":[{"@type":"ListItem","position":1,"name":"In\u00edcio","item":"https:\/\/alumicenteramericana.com.br\/site\/"},{"@type":"ListItem","position":2,"name":"Contato"}]},{"@type":"WebSite","@id":"https:\/\/alumicenteramericana.com.br\/site\/#website","url":"https:\/\/alumicenteramericana.com.br\/site\/","name":"Alumicenter","description":"Esquadrias de Alum\u00ednio","publisher":{"@id":"https:\/\/alumicenteramericana.com.br\/site\/#organization"},"potentialAction":[{"@type":"SearchAction","target":{"@type":"EntryPoint","urlTemplate":"https:\/\/alumicenteramericana.com.br\/site\/?s={search_term_string}"},"query-input":{"@type":"PropertyValueSpecification","valueRequired":true,"valueName":"search_term_string"}}],"inLanguage":"pt-BR"},{"@type":"Organization","@id":"https:\/\/alumicenteramericana.com.br\/site\/#organization","name":"Alumicenter","url":"https:\/\/alumicenteramericana.com.br\/site\/","logo":{"@type":"ImageObject","inLanguage":"pt-BR","@id":"https:\/\/alumicenteramericana.com.br\/site\/#\/schema\/logo\/image\/","url":"https:\/\/alumicenteramericana.com.br\/site\/wp-content\/uploads\/2023\/01\/Logo-Alumicenter.svg","contentUrl":"https:\/\/alumicenteramericana.com.br\/site\/wp-content\/uploads\/2023\/01\/Logo-Alumicenter.svg","width":282,"height":67,"caption":"Alumicenter"},"image":{"@id":"https:\/\/alumicenteramericana.com.br\/site\/#\/schema\/logo\/image\/"}}]}},"_links":{"self":[{"href":"https:\/\/alumicenteramericana.com.br\/site\/wp-json\/wp\/v2\/pages\/10","targetHints":{"allow":["GET"]}}],"collection":[{"href":"https:\/\/alumicenteramericana.com.br\/site\/wp-json\/wp\/v2\/pages"}],"about":[{"href":"https:\/\/alumicenteramericana.com.br\/site\/wp-json\/wp\/v2\/types\/page"}],"author":[{"embeddable":true,"href":"https:\/\/alumicenteramericana.com.br\/site\/wp-json\/wp\/v2\/users\/1"}],"replies":[{"embeddable":true,"href":"https:\/\/alumicenteramericana.com.br\/site\/wp-json\/wp\/v2\/comments?post=10"}],"version-history":[{"count":41,"href":"https:\/\/alumicenteramericana.com.br\/site\/wp-json\/wp\/v2\/pages\/10\/revisions"}],"predecessor-version":[{"id":77,"href":"https:\/\/alumicenteramericana.com.br\/site\/wp-json\/wp\/v2\/pages\/10\/revisions\/77"}],"wp:attachment":[{"href":"https:\/\/alumicenteramericana.com.br\/site\/wp-json\/wp\/v2\/media?parent=10"}],"curies":[{"name":"wp","href":"https:\/\/api.w.org\/{rel}","templated":true}]}}